{"id":120,"date":"2022-06-27T15:48:15","date_gmt":"2022-06-27T13:48:15","guid":{"rendered":"https:\/\/viasso-occitanie.org\/?page_id=120"},"modified":"2022-06-28T16:41:34","modified_gmt":"2022-06-28T14:41:34","slug":"formation-a-la-gestion-associative","status":"publish","type":"page","link":"https:\/\/viasso-occitanie.org\/index.php\/formation-a-la-gestion-associative\/","title":{"rendered":"Formation \u00e0 la gestion associative"},"content":{"rendered":"\n<p>Le Certificat de Formation \u00e0 la Gestion Associative<\/p>\n\n\n\n<div class=\"wp-container-5 wp-block-columns\">\n<div class=\"wp-container-1 wp-block-column\">\n<p><\/p>\n\n\n\n<p>Les PAVA du r\u00e9seau Viasso organisent chaque ann\u00e9e plusieurs sessions du Certificat de Formation \u00e0 la Gestion Associative (CFGA) sur tout le territoire d\u2019Occitanie.<\/p>\n\n\n\n<p>Le CFGA permet d\u2019acqu\u00e9rir, actualiser ou valider les connaissances n\u00e9cessaires pour prendre des responsabilit\u00e9s, conduire et d\u00e9velopper un projet associatif. Il offre l\u2019occasion d\u2019acqu\u00e9rir des savoirs dans les domaines administratifs, financiers et humains propres \u00e0 la gestion d\u2019une association et de s\u2019approprier une culture g\u00e9n\u00e9rale sp\u00e9cifique au fait associatif, \u00e0 son \u00e9volution et \u00e0 son environnement.<\/p>\n<\/div>\n\n\n\n<div class=\"wp-container-4 wp-block-column\">\n<figure class=\"wp-container-3 wp-block-gallery-2 wp-block-gallery has-nested-images columns-default is-cropped\">\n<figure class=\"wp-block-image size-large\"><img loading=\"lazy\" width=\"400\" height=\"267\" src=\"https:\/\/viasso-occitanie.org\/wp-content\/uploads\/2022\/06\/pexels-photo-3184293-1.jpeg\" alt=\"\" class=\"wp-image-122\" srcset=\"https:\/\/viasso-occitanie.org\/wp-content\/uploads\/2022\/06\/pexels-photo-3184293-1.jpeg 400w, https:\/\/viasso-occitanie.org\/wp-content\/uploads\/2022\/06\/pexels-photo-3184293-1-300x200.jpeg 300w\" sizes=\"(max-width: 400px) 100vw, 400px\" \/><\/figure>\n<\/figure>\n<\/div>\n<\/div>\n\n\n\n<div class=\"wp-container-8 wp-block-columns\">\n<div class=\"wp-container-6 wp-block-column\">\n<p><strong>La formation s\u2019organise de la fa\u00e7on suivante :<\/strong><\/p>\n\n\n\n<p><strong>Une partie th\u00e9orique <\/strong>de 6 journ\u00e9es articul\u00e9es en modules couvrant les contenus suivants :<\/p>\n\n\n\n<ul><li>Principes fondamentaux de la loi 1901 et environnement des associations<\/li><li>Organisation, gouvernance et mobilisation des b\u00e9n\u00e9voles<\/li><li>Les finances associatives<\/li><li>Comptabilit\u00e9, fiscalit\u00e9<\/li><li>Fonction employeur<\/li><li>Projet associatif et projet d\u2019activit\u00e9<\/li><\/ul>\n\n\n\n<p><\/p>\n<\/div>\n\n\n\n<div class=\"wp-container-7 wp-block-column\">\n<p><\/p>\n\n\n\n<p><strong>Un stage pratique <\/strong>accompli sous tutorat p\u00e9dagogique au sein d\u2019une\/de votre association.<\/p>\n\n\n\n<p><\/p>\n\n\n\n<p>Pour plus de renseignements, rendez-vous sur <strong>le <a href=\"https:\/\/viasso-occitanie-formation.org\/\" target=\"_blank\" rel=\"noreferrer noopener\">site de\u00a0 ViAsso Occitanie Formation<\/a><\/strong><\/p>\n\n\n\n<p>Contactez votre PAVA pour conna\u00eetre les prochaines sessions organis\u00e9es pr\u00e8s de chez vous.<\/p>\n<\/div>\n<\/div>\n","protected":false},"excerpt":{"rendered":"<p>Le Certificat de Formation \u00e0 la Gestion Associative Les PAVA du r\u00e9seau Viasso organisent chaque ann\u00e9e plusieurs sessions du Certificat de Formation \u00e0 la Gestion Associative (CFGA) sur tout le territoire d\u2019Occitanie. Le CFGA permet d\u2019acqu\u00e9rir, actualiser ou valider les connaissances n\u00e9cessaires pour prendre des responsabilit\u00e9s, conduire et d\u00e9velopper un projet associatif. Il offre l\u2019occasion &hellip; <\/p>\n<p><a class=\"more-link btn\" href=\"https:\/\/viasso-occitanie.org\/index.php\/formation-a-la-gestion-associative\/\">Lire la suite<\/a><\/p>\n","protected":false},"author":1,"featured_media":0,"parent":0,"menu_order":0,"comment_status":"closed","ping_status":"closed","template":"","meta":{"_mi_skip_tracking":false},"yoast_head":"<!-- This site is optimized with the Yoast SEO plugin v15.1.1 - https:\/\/yoast.com\/wordpress\/plugins\/seo\/ -->\n<title>Formation \u00e0 la gestion associative - Viasso-Occitanie<\/title>\n<meta name=\"robots\" content=\"index, follow, max-snippet:-1, max-image-preview:large, max-video-preview:-1\" \/>\n<link rel=\"canonical\" href=\"https:\/\/viasso-occitanie.org\/index.php\/formation-a-la-gestion-associative\/\" \/>\n<meta property=\"og:locale\" content=\"fr_FR\" \/>\n<meta property=\"og:type\" content=\"article\" \/>\n<meta property=\"og:title\" content=\"Formation \u00e0 la gestion associative - Viasso-Occitanie\" \/>\n<meta property=\"og:description\" content=\"Le Certificat de Formation \u00e0 la Gestion Associative Les PAVA du r\u00e9seau Viasso organisent chaque ann\u00e9e plusieurs sessions du Certificat de Formation \u00e0 la Gestion Associative (CFGA) sur tout le territoire d\u2019Occitanie. Le CFGA permet d\u2019acqu\u00e9rir, actualiser ou valider les connaissances n\u00e9cessaires pour prendre des responsabilit\u00e9s, conduire et d\u00e9velopper un projet associatif. Il offre l\u2019occasion &hellip; Lire la suite\" \/>\n<meta property=\"og:url\" content=\"https:\/\/viasso-occitanie.org\/index.php\/formation-a-la-gestion-associative\/\" \/>\n<meta property=\"og:site_name\" content=\"Viasso-Occitanie\" \/>\n<meta property=\"article:modified_time\" content=\"2022-06-28T14:41:34+00:00\" \/>\n<meta property=\"og:image\" content=\"https:\/\/viasso-occitanie.org\/wp-content\/uploads\/2022\/06\/pexels-photo-3184293-1.jpeg\" \/>\n<meta name=\"twitter:card\" content=\"summary_large_image\" \/>\n<script type=\"application\/ld+json\" class=\"yoast-schema-graph\">{\"@context\":\"https:\/\/schema.org\",\"@graph\":[{\"@type\":\"WebSite\",\"@id\":\"https:\/\/viasso-occitanie.org\/#website\",\"url\":\"https:\/\/viasso-occitanie.org\/\",\"name\":\"Viasso-Occitanie\",\"description\":\"Un R\\u00e9seau r\\u00e9gional de professionnels pour d\\u00e9velopper vos projets associatifs\",\"potentialAction\":[{\"@type\":\"SearchAction\",\"target\":\"https:\/\/viasso-occitanie.org\/?s={search_term_string}\",\"query-input\":\"required name=search_term_string\"}],\"inLanguage\":\"fr-FR\"},{\"@type\":\"ImageObject\",\"@id\":\"https:\/\/viasso-occitanie.org\/index.php\/formation-a-la-gestion-associative\/#primaryimage\",\"inLanguage\":\"fr-FR\",\"url\":\"https:\/\/viasso-occitanie.org\/wp-content\/uploads\/2022\/06\/pexels-photo-3184293-1.jpeg\",\"width\":400,\"height\":267},{\"@type\":\"WebPage\",\"@id\":\"https:\/\/viasso-occitanie.org\/index.php\/formation-a-la-gestion-associative\/#webpage\",\"url\":\"https:\/\/viasso-occitanie.org\/index.php\/formation-a-la-gestion-associative\/\",\"name\":\"Formation \\u00e0 la gestion associative - Viasso-Occitanie\",\"isPartOf\":{\"@id\":\"https:\/\/viasso-occitanie.org\/#website\"},\"primaryImageOfPage\":{\"@id\":\"https:\/\/viasso-occitanie.org\/index.php\/formation-a-la-gestion-associative\/#primaryimage\"},\"datePublished\":\"2022-06-27T13:48:15+00:00\",\"dateModified\":\"2022-06-28T14:41:34+00:00\",\"inLanguage\":\"fr-FR\",\"potentialAction\":[{\"@type\":\"ReadAction\",\"target\":[\"https:\/\/viasso-occitanie.org\/index.php\/formation-a-la-gestion-associative\/\"]}]}]}<\/script>\n<!-- \/ Yoast SEO plugin. -->","_links":{"self":[{"href":"https:\/\/viasso-occitanie.org\/index.php\/wp-json\/wp\/v2\/pages\/120"}],"collection":[{"href":"https:\/\/viasso-occitanie.org\/index.php\/wp-json\/wp\/v2\/pages"}],"about":[{"href":"https:\/\/viasso-occitanie.org\/index.php\/wp-json\/wp\/v2\/types\/page"}],"author":[{"embeddable":true,"href":"https:\/\/viasso-occitanie.org\/index.php\/wp-json\/wp\/v2\/users\/1"}],"replies":[{"embeddable":true,"href":"https:\/\/viasso-occitanie.org\/index.php\/wp-json\/wp\/v2\/comments?post=120"}],"version-history":[{"count":5,"href":"https:\/\/viasso-occitanie.org\/index.php\/wp-json\/wp\/v2\/pages\/120\/revisions"}],"predecessor-version":[{"id":192,"href":"https:\/\/viasso-occitanie.org\/index.php\/wp-json\/wp\/v2\/pages\/120\/revisions\/192"}],"wp:attachment":[{"href":"https:\/\/viasso-occitanie.org\/index.php\/wp-json\/wp\/v2\/media?parent=120"}],"curies":[{"name":"wp","href":"https:\/\/api.w.org\/{rel}","templated":true}]}}