{"id":13,"date":"2018-04-03T17:47:17","date_gmt":"2018-04-03T15:47:17","guid":{"rendered":"http:\/\/viasso-occitanie.org\/?page_id=13"},"modified":"2022-06-28T10:28:49","modified_gmt":"2022-06-28T08:28:49","slug":"contact","status":"publish","type":"page","link":"https:\/\/viasso-occitanie.org\/index.php\/contact\/","title":{"rendered":"Contact"},"content":{"rendered":"<p><em>Vous pouvez envoyer un message directement via le formulaire de contact qui vous est propos\u00e9 sur cette page ou joindre le r\u00e9seau Viasso Occitanie aux coordonn\u00e9es en bas de page.<\/em><\/p>\n<div role=\"form\" class=\"wpcf7\" id=\"wpcf7-f21-o1\" lang=\"fr-FR\" dir=\"ltr\">\n<div class=\"screen-reader-response\"><p role=\"status\" aria-live=\"polite\" aria-atomic=\"true\"><\/p> <ul><\/ul><\/div>\n<form action=\"\/index.php\/wp-json\/wp\/v2\/pages\/13#wpcf7-f21-o1\" method=\"post\" class=\"wpcf7-form init\" novalidate=\"novalidate\" data-status=\"init\">\n<div style=\"display: none;\">\n<input type=\"hidden\" name=\"_wpcf7\" value=\"21\" \/>\n<input type=\"hidden\" name=\"_wpcf7_version\" value=\"5.6\" \/>\n<input type=\"hidden\" name=\"_wpcf7_locale\" value=\"fr_FR\" \/>\n<input type=\"hidden\" name=\"_wpcf7_unit_tag\" value=\"wpcf7-f21-o1\" \/>\n<input type=\"hidden\" name=\"_wpcf7_container_post\" value=\"0\" \/>\n<input type=\"hidden\" name=\"_wpcf7_posted_data_hash\" value=\"\" \/>\n<input type=\"hidden\" name=\"_wpcf7_recaptcha_response\" value=\"\" \/>\n<\/div>\n<p><label> Votre nom (obligatoire)<br \/>\n    <span class=\"wpcf7-form-control-wrap\" data-name=\"your-name\"><input type=\"text\" name=\"your-name\" value=\"\" size=\"40\" class=\"wpcf7-form-control wpcf7-text wpcf7-validates-as-required\" aria-required=\"true\" aria-invalid=\"false\" \/><\/span> <\/label><\/p>\n<p><label> Votre adresse de messagerie (obligatoire)<br \/>\n    <span class=\"wpcf7-form-control-wrap\" data-name=\"your-email\"><input type=\"email\" name=\"your-email\" value=\"\" size=\"40\" class=\"wpcf7-form-control wpcf7-text wpcf7-email wpcf7-validates-as-required wpcf7-validates-as-email\" aria-required=\"true\" aria-invalid=\"false\" \/><\/span> <\/label><\/p>\n<p><label> Objet<br \/>\n    <span class=\"wpcf7-form-control-wrap\" data-name=\"your-subject\"><input type=\"text\" name=\"your-subject\" value=\"\" size=\"40\" class=\"wpcf7-form-control wpcf7-text\" aria-invalid=\"false\" \/><\/span> <\/label><\/p>\n<p><label> Votre message<br \/>\n    <span class=\"wpcf7-form-control-wrap\" data-name=\"your-message\"><textarea name=\"your-message\" cols=\"40\" rows=\"10\" class=\"wpcf7-form-control wpcf7-textarea\" aria-invalid=\"false\"><\/textarea><\/span> <\/label><\/p>\n<span class=\"wpcf7-form-control-wrap recaptcha\"><span data-sitekey=\"6Lc70NkZAAAAANogYLbcEWp-nuOGqz72BtpWldvj\" class=\"wpcf7-form-control g-recaptcha wpcf7-recaptcha\"><\/span>\r\n<noscript>\r\n\t<div class=\"grecaptcha-noscript\">\r\n\t\t<iframe src=\"https:\/\/www.google.com\/recaptcha\/api\/fallback?k=6Lc70NkZAAAAANogYLbcEWp-nuOGqz72BtpWldvj\" frameborder=\"0\" scrolling=\"no\" width=\"310\" height=\"430\">\r\n\t\t<\/iframe>\r\n\t\t<textarea name=\"g-recaptcha-response\" rows=\"3\" cols=\"40\" placeholder=\"reCaptcha Response Here\">\r\n\t\t<\/textarea>\r\n\t<\/div>\r\n<\/noscript>\r\n<\/span>\n<p><input type=\"submit\" value=\"Envoyer\" class=\"wpcf7-form-control has-spinner wpcf7-submit\" \/><\/p>\n<div class=\"wpcf7-response-output\" aria-hidden=\"true\"><\/div><\/form><\/div>\n<p><strong>VIASSO Occitanie &#8211; si\u00e8ge social<\/strong><br \/>c\/o I.PEICC<br \/>182 Square Corte &#8211; 34080 Montpellier<br \/>T\u00e9l. : 04.67.45.51.10 \u2013 Fax : 04.67.03.41.69<br \/>Email :\u00a0<a href=\"mailto:contact@viassolr.org\">contact@viasso-occitanie.org<\/a><\/p>\n\n\n<p><strong>VIASSO Occitanie &#8211; si\u00e8ge op\u00e9rationnel<\/strong><br>B\u00e2timent INESS &#8211; 30 Avenue du Dr Paul Pompidor, 11100 Narbonne<br>1<sup>er<\/sup> \u00e9tage<br>Email :\u00a0<a href=\"mailto:contact@viassolr.org\">contact@viasso-occitanie.org<\/a><\/p>\n","protected":false},"excerpt":{"rendered":"<p>Vous pouvez envoyer un message directement via le formulaire de contact qui vous est propos\u00e9 sur cette page ou joindre le r\u00e9seau Viasso Occitanie aux coordonn\u00e9es en bas de page. VIASSO Occitanie &#8211; si\u00e8ge socialc\/o I.PEICC182 Square Corte &#8211; 34080 MontpellierT\u00e9l. : 04.67.45.51.10 \u2013 Fax : 04.67.03.41.69Email :\u00a0contact@viasso-occitanie.org VIASSO Occitanie &#8211; si\u00e8ge op\u00e9rationnelB\u00e2timent INESS &#8211; &hellip; <\/p>\n<p><a class=\"more-link btn\" href=\"https:\/\/viasso-occitanie.org\/index.php\/contact\/\">Lire la suite<\/a><\/p>\n","protected":false},"author":1,"featured_media":0,"parent":0,"menu_order":0,"comment_status":"closed","ping_status":"closed","template":"","meta":{"_mi_skip_tracking":false},"yoast_head":"<!-- This site is optimized with the Yoast SEO plugin v15.1.1 - https:\/\/yoast.com\/wordpress\/plugins\/seo\/ -->\n<title>Contact - Viasso-Occitanie<\/title>\n<meta name=\"robots\" content=\"index, follow, max-snippet:-1, max-image-preview:large, max-video-preview:-1\" \/>\n<link rel=\"canonical\" href=\"http:\/\/viasso-occitanie.org\/index.php\/contact\/\" \/>\n<meta property=\"og:locale\" content=\"fr_FR\" \/>\n<meta property=\"og:type\" content=\"article\" \/>\n<meta property=\"og:title\" content=\"Contact - Viasso-Occitanie\" \/>\n<meta property=\"og:description\" content=\"Vous pouvez envoyer un message directement via le formulaire de contact qui vous est propos\u00e9 sur cette page ou joindre le r\u00e9seau Viasso Occitanie aux coordonn\u00e9es en bas de page. VIASSO Occitanie &#8211; si\u00e8ge socialc\/o I.PEICC182 Square Corte &#8211; 34080 MontpellierT\u00e9l. : 04.67.45.51.10 \u2013 Fax : 04.67.03.41.69Email :\u00a0contact@viasso-occitanie.org VIASSO Occitanie &#8211; si\u00e8ge op\u00e9rationnelB\u00e2timent INESS &#8211; &hellip; Lire la suite\" \/>\n<meta property=\"og:url\" content=\"http:\/\/viasso-occitanie.org\/index.php\/contact\/\" \/>\n<meta property=\"og:site_name\" content=\"Viasso-Occitanie\" \/>\n<meta property=\"article:modified_time\" content=\"2022-06-28T08:28:49+00:00\" \/>\n<meta name=\"twitter:card\" content=\"summary_large_image\" \/>\n<script type=\"application\/ld+json\" class=\"yoast-schema-graph\">{\"@context\":\"https:\/\/schema.org\",\"@graph\":[{\"@type\":\"WebSite\",\"@id\":\"https:\/\/viasso-occitanie.org\/#website\",\"url\":\"https:\/\/viasso-occitanie.org\/\",\"name\":\"Viasso-Occitanie\",\"description\":\"Un R\\u00e9seau r\\u00e9gional de professionnels pour d\\u00e9velopper vos projets associatifs\",\"potentialAction\":[{\"@type\":\"SearchAction\",\"target\":\"https:\/\/viasso-occitanie.org\/?s={search_term_string}\",\"query-input\":\"required name=search_term_string\"}],\"inLanguage\":\"fr-FR\"},{\"@type\":\"WebPage\",\"@id\":\"http:\/\/viasso-occitanie.org\/index.php\/contact\/#webpage\",\"url\":\"http:\/\/viasso-occitanie.org\/index.php\/contact\/\",\"name\":\"Contact - Viasso-Occitanie\",\"isPartOf\":{\"@id\":\"https:\/\/viasso-occitanie.org\/#website\"},\"datePublished\":\"2018-04-03T15:47:17+00:00\",\"dateModified\":\"2022-06-28T08:28:49+00:00\",\"inLanguage\":\"fr-FR\",\"potentialAction\":[{\"@type\":\"ReadAction\",\"target\":[\"http:\/\/viasso-occitanie.org\/index.php\/contact\/\"]}]}]}<\/script>\n<!-- \/ Yoast SEO plugin. -->","_links":{"self":[{"href":"https:\/\/viasso-occitanie.org\/index.php\/wp-json\/wp\/v2\/pages\/13"}],"collection":[{"href":"https:\/\/viasso-occitanie.org\/index.php\/wp-json\/wp\/v2\/pages"}],"about":[{"href":"https:\/\/viasso-occitanie.org\/index.php\/wp-json\/wp\/v2\/types\/page"}],"author":[{"embeddable":true,"href":"https:\/\/viasso-occitanie.org\/index.php\/wp-json\/wp\/v2\/users\/1"}],"replies":[{"embeddable":true,"href":"https:\/\/viasso-occitanie.org\/index.php\/wp-json\/wp\/v2\/comments?post=13"}],"version-history":[{"count":4,"href":"https:\/\/viasso-occitanie.org\/index.php\/wp-json\/wp\/v2\/pages\/13\/revisions"}],"predecessor-version":[{"id":158,"href":"https:\/\/viasso-occitanie.org\/index.php\/wp-json\/wp\/v2\/pages\/13\/revisions\/158"}],"wp:attachment":[{"href":"https:\/\/viasso-occitanie.org\/index.php\/wp-json\/wp\/v2\/media?parent=13"}],"curies":[{"name":"wp","href":"https:\/\/api.w.org\/{rel}","templated":true}]}}