{"id":134,"date":"2022-06-27T16:09:22","date_gmt":"2022-06-27T14:09:22","guid":{"rendered":"https:\/\/viasso-occitanie.org\/?page_id=134"},"modified":"2022-06-27T18:15:49","modified_gmt":"2022-06-27T16:15:49","slug":"activer-lemploi","status":"publish","type":"page","link":"https:\/\/viasso-occitanie.org\/index.php\/activer-lemploi\/","title":{"rendered":"\u00a0Activer l\u2019emploi"},"content":{"rendered":"\n<p><strong>Activer l\u2019emploi dans les associations&nbsp;: le dispositif Activ\u2019asso<\/strong><\/p>\n\n\n\n<div class=\"wp-container-3 wp-block-columns\">\n<div class=\"wp-container-1 wp-block-column\" style=\"flex-basis:66.66%\">\n<p>L\u2019association est un acteur \u00e9conomique de poids dans notre R\u00e9gion. C\u2019est \u00e0 partir de ce constat que la r\u00e9gion Occitanie et le r\u00e9seau ViAsso ont lanc\u00e9 en 2015 un programme d\u2019accompagnement aupr\u00e8s des associations en d\u00e9veloppement porteuses d\u2019emploi&nbsp;: Activ\u2019Asso. Les PAVA accompagnent les projets des associations pour d\u00e9velopper leurs ressources propres.<\/p>\n\n\n\n<p>Depuis 2015, environ 40 associations sont accompagn\u00e9es par an.<\/p>\n<\/div>\n\n\n\n<div class=\"wp-container-2 wp-block-column\" style=\"flex-basis:33.33%\">\n<figure class=\"wp-block-image size-full is-resized\"><img loading=\"lazy\" src=\"https:\/\/viasso-occitanie.org\/wp-content\/uploads\/2022\/06\/pexels-photo-8837496.jpeg\" alt=\"\" class=\"wp-image-136\" width=\"284\" height=\"189\" srcset=\"https:\/\/viasso-occitanie.org\/wp-content\/uploads\/2022\/06\/pexels-photo-8837496.jpeg 400w, https:\/\/viasso-occitanie.org\/wp-content\/uploads\/2022\/06\/pexels-photo-8837496-300x200.jpeg 300w\" sizes=\"(max-width: 284px) 100vw, 284px\" \/><\/figure>\n<\/div>\n<\/div>\n\n\n\n<div class=\"wp-container-5 wp-block-columns\">\n<div class=\"wp-container-4 wp-block-column\">\n<figure class=\"wp-block-image size-large\"><img loading=\"lazy\" width=\"1024\" height=\"672\" src=\"https:\/\/viasso-occitanie.org\/wp-content\/uploads\/2022\/06\/Schema-Viasso-Occitanie-2-1024x672.jpg\" alt=\"\" class=\"wp-image-150\" srcset=\"https:\/\/viasso-occitanie.org\/wp-content\/uploads\/2022\/06\/Schema-Viasso-Occitanie-2-1024x672.jpg 1024w, https:\/\/viasso-occitanie.org\/wp-content\/uploads\/2022\/06\/Schema-Viasso-Occitanie-2-300x197.jpg 300w, https:\/\/viasso-occitanie.org\/wp-content\/uploads\/2022\/06\/Schema-Viasso-Occitanie-2-768x504.jpg 768w, https:\/\/viasso-occitanie.org\/wp-content\/uploads\/2022\/06\/Schema-Viasso-Occitanie-2-1536x1009.jpg 1536w, https:\/\/viasso-occitanie.org\/wp-content\/uploads\/2022\/06\/Schema-Viasso-Occitanie-2-2048x1345.jpg 2048w, https:\/\/viasso-occitanie.org\/wp-content\/uploads\/2022\/06\/Schema-Viasso-Occitanie-2-750x492.jpg 750w\" sizes=\"(max-width: 1024px) 100vw, 1024px\" \/><\/figure>\n<\/div>\n<\/div>\n\n\n\n<p>A partir d\u2019un diagnostic \u00e9conomique et organisationnel, les \u00e9quipes des PAVA travaillent avec l\u2019association sur le cadre juridique et fiscal de son activit\u00e9 mais \u00e9galement sur la strat\u00e9gie adapt\u00e9e pour pouvoir augmenter les ressources de l\u2019association et d\u00e9velopper l\u2019emploi associatif.<\/p>\n\n\n\n<p>Ce programme permet aux structures associatives de b\u00e9n\u00e9ficier d\u2019un suivi 6 mois apr\u00e8s l\u2019accompagnement pour faire le point et permettre de r\u00e9actualiser ou r\u00e9orienter le projet.<\/p>\n\n\n\n<p>Les r\u00e9sultats sont l\u00e0&nbsp;: pour une association accompagn\u00e9e, ce sont bien souvent des emplois consolid\u00e9s.<\/p>\n","protected":false},"excerpt":{"rendered":"<p>Activer l\u2019emploi dans les associations&nbsp;: le dispositif Activ\u2019asso L\u2019association est un acteur \u00e9conomique de poids dans notre R\u00e9gion. C\u2019est \u00e0 partir de ce constat que la r\u00e9gion Occitanie et le r\u00e9seau ViAsso ont lanc\u00e9 en 2015 un programme d\u2019accompagnement aupr\u00e8s des associations en d\u00e9veloppement porteuses d\u2019emploi&nbsp;: Activ\u2019Asso. Les PAVA accompagnent les projets des associations pour &hellip; <\/p>\n<p><a class=\"more-link btn\" href=\"https:\/\/viasso-occitanie.org\/index.php\/activer-lemploi\/\">Lire la suite<\/a><\/p>\n","protected":false},"author":1,"featured_media":0,"parent":0,"menu_order":0,"comment_status":"closed","ping_status":"closed","template":"","meta":{"_mi_skip_tracking":false},"yoast_head":"<!-- This site is optimized with the Yoast SEO plugin v15.1.1 - https:\/\/yoast.com\/wordpress\/plugins\/seo\/ -->\n<title>\u00a0Activer l\u2019emploi - Viasso-Occitanie<\/title>\n<meta name=\"robots\" content=\"index, follow, max-snippet:-1, max-image-preview:large, max-video-preview:-1\" \/>\n<link rel=\"canonical\" href=\"https:\/\/viasso-occitanie.org\/index.php\/activer-lemploi\/\" \/>\n<meta property=\"og:locale\" content=\"fr_FR\" \/>\n<meta property=\"og:type\" content=\"article\" \/>\n<meta property=\"og:title\" content=\"\u00a0Activer l\u2019emploi - Viasso-Occitanie\" \/>\n<meta property=\"og:description\" content=\"Activer l\u2019emploi dans les associations&nbsp;: le dispositif Activ\u2019asso L\u2019association est un acteur \u00e9conomique de poids dans notre R\u00e9gion. C\u2019est \u00e0 partir de ce constat que la r\u00e9gion Occitanie et le r\u00e9seau ViAsso ont lanc\u00e9 en 2015 un programme d\u2019accompagnement aupr\u00e8s des associations en d\u00e9veloppement porteuses d\u2019emploi&nbsp;: Activ\u2019Asso. Les PAVA accompagnent les projets des associations pour &hellip; Lire la suite\" \/>\n<meta property=\"og:url\" content=\"https:\/\/viasso-occitanie.org\/index.php\/activer-lemploi\/\" \/>\n<meta property=\"og:site_name\" content=\"Viasso-Occitanie\" \/>\n<meta property=\"article:modified_time\" content=\"2022-06-27T16:15:49+00:00\" \/>\n<meta property=\"og:image\" content=\"https:\/\/viasso-occitanie.org\/wp-content\/uploads\/2022\/06\/pexels-photo-8837496.jpeg\" \/>\n<meta name=\"twitter:card\" content=\"summary_large_image\" \/>\n<script type=\"application\/ld+json\" class=\"yoast-schema-graph\">{\"@context\":\"https:\/\/schema.org\",\"@graph\":[{\"@type\":\"WebSite\",\"@id\":\"https:\/\/viasso-occitanie.org\/#website\",\"url\":\"https:\/\/viasso-occitanie.org\/\",\"name\":\"Viasso-Occitanie\",\"description\":\"Un R\\u00e9seau r\\u00e9gional de professionnels pour d\\u00e9velopper vos projets associatifs\",\"potentialAction\":[{\"@type\":\"SearchAction\",\"target\":\"https:\/\/viasso-occitanie.org\/?s={search_term_string}\",\"query-input\":\"required name=search_term_string\"}],\"inLanguage\":\"fr-FR\"},{\"@type\":\"ImageObject\",\"@id\":\"https:\/\/viasso-occitanie.org\/index.php\/activer-lemploi\/#primaryimage\",\"inLanguage\":\"fr-FR\",\"url\":\"https:\/\/viasso-occitanie.org\/wp-content\/uploads\/2022\/06\/pexels-photo-8837496.jpeg\",\"width\":400,\"height\":267},{\"@type\":\"WebPage\",\"@id\":\"https:\/\/viasso-occitanie.org\/index.php\/activer-lemploi\/#webpage\",\"url\":\"https:\/\/viasso-occitanie.org\/index.php\/activer-lemploi\/\",\"name\":\"\\u00a0Activer l\\u2019emploi - Viasso-Occitanie\",\"isPartOf\":{\"@id\":\"https:\/\/viasso-occitanie.org\/#website\"},\"primaryImageOfPage\":{\"@id\":\"https:\/\/viasso-occitanie.org\/index.php\/activer-lemploi\/#primaryimage\"},\"datePublished\":\"2022-06-27T14:09:22+00:00\",\"dateModified\":\"2022-06-27T16:15:49+00:00\",\"inLanguage\":\"fr-FR\",\"potentialAction\":[{\"@type\":\"ReadAction\",\"target\":[\"https:\/\/viasso-occitanie.org\/index.php\/activer-lemploi\/\"]}]}]}<\/script>\n<!-- \/ Yoast SEO plugin. -->","_links":{"self":[{"href":"https:\/\/viasso-occitanie.org\/index.php\/wp-json\/wp\/v2\/pages\/134"}],"collection":[{"href":"https:\/\/viasso-occitanie.org\/index.php\/wp-json\/wp\/v2\/pages"}],"about":[{"href":"https:\/\/viasso-occitanie.org\/index.php\/wp-json\/wp\/v2\/types\/page"}],"author":[{"embeddable":true,"href":"https:\/\/viasso-occitanie.org\/index.php\/wp-json\/wp\/v2\/users\/1"}],"replies":[{"embeddable":true,"href":"https:\/\/viasso-occitanie.org\/index.php\/wp-json\/wp\/v2\/comments?post=134"}],"version-history":[{"count":2,"href":"https:\/\/viasso-occitanie.org\/index.php\/wp-json\/wp\/v2\/pages\/134\/revisions"}],"predecessor-version":[{"id":152,"href":"https:\/\/viasso-occitanie.org\/index.php\/wp-json\/wp\/v2\/pages\/134\/revisions\/152"}],"wp:attachment":[{"href":"https:\/\/viasso-occitanie.org\/index.php\/wp-json\/wp\/v2\/media?parent=134"}],"curies":[{"name":"wp","href":"https:\/\/api.w.org\/{rel}","templated":true}]}}