{"id":141,"date":"2022-06-27T18:07:15","date_gmt":"2022-06-27T16:07:15","guid":{"rendered":"https:\/\/viasso-occitanie.org\/?page_id=141"},"modified":"2022-06-27T18:07:16","modified_gmt":"2022-06-27T16:07:16","slug":"animation-de-reseau","status":"publish","type":"page","link":"https:\/\/viasso-occitanie.org\/index.php\/animation-de-reseau\/","title":{"rendered":"Animation de r\u00e9seau"},"content":{"rendered":"\n<p><strong>Un r\u00e9seau dynamique, fond\u00e9 sur des \u00e9changes de pratiques. <\/strong><\/p>\n\n\n\n<div class=\"wp-container-3 wp-block-columns\">\n<div class=\"wp-container-1 wp-block-column\">\n<p><\/p>\n\n\n\n<p>Compos\u00e9 de plus d\u2019une trentaine d\u2019accompagnateurs \u00e0 la vie associative, ViAsso veille \u00e0 d\u00e9velopper la qualit\u00e9 des accompagnements et des formations, \u00e0 mutualiser des outils, et \u00e0 \u00e9changer r\u00e9guli\u00e8rement sur les pratiques en \u0153uvres dans les PAVA.<\/p>\n\n\n\n<p>Depuis 2021, &nbsp;ViAsso s\u2019est dot\u00e9 d\u2019un salari\u00e9 responsable du d\u00e9veloppement du r\u00e9seau et de son animation.<\/p>\n<\/div>\n\n\n\n<div class=\"wp-container-2 wp-block-column\">\n<figure class=\"wp-block-image size-large\"><img loading=\"lazy\" width=\"1024\" height=\"768\" src=\"https:\/\/viasso-occitanie.org\/wp-content\/uploads\/2022\/06\/IMG_3066-1024x768.jpg\" alt=\"\" class=\"wp-image-142\" srcset=\"https:\/\/viasso-occitanie.org\/wp-content\/uploads\/2022\/06\/IMG_3066-1024x768.jpg 1024w, https:\/\/viasso-occitanie.org\/wp-content\/uploads\/2022\/06\/IMG_3066-300x225.jpg 300w, https:\/\/viasso-occitanie.org\/wp-content\/uploads\/2022\/06\/IMG_3066-768x576.jpg 768w, https:\/\/viasso-occitanie.org\/wp-content\/uploads\/2022\/06\/IMG_3066-1536x1152.jpg 1536w, https:\/\/viasso-occitanie.org\/wp-content\/uploads\/2022\/06\/IMG_3066-2048x1536.jpg 2048w, https:\/\/viasso-occitanie.org\/wp-content\/uploads\/2022\/06\/IMG_3066-750x563.jpg 750w\" sizes=\"(max-width: 1024px) 100vw, 1024px\" \/><figcaption>Universit\u00e9 de printemps ViAsso &#8211;  mai 2022<\/figcaption><\/figure>\n<\/div>\n<\/div>\n\n\n\n<div class=\"wp-container-6 wp-block-columns\">\n<div class=\"wp-container-4 wp-block-column\"><div class=\"wp-block-image\">\n<figure class=\"aligncenter size-large is-resized\"><img loading=\"lazy\" src=\"https:\/\/viasso-occitanie.org\/wp-content\/uploads\/2022\/06\/pexels-cottonbro-6321231-1024x683.jpg\" alt=\"\" class=\"wp-image-146\" width=\"280\" height=\"186\" srcset=\"https:\/\/viasso-occitanie.org\/wp-content\/uploads\/2022\/06\/pexels-cottonbro-6321231-1024x683.jpg 1024w, https:\/\/viasso-occitanie.org\/wp-content\/uploads\/2022\/06\/pexels-cottonbro-6321231-300x200.jpg 300w, https:\/\/viasso-occitanie.org\/wp-content\/uploads\/2022\/06\/pexels-cottonbro-6321231-768x512.jpg 768w, https:\/\/viasso-occitanie.org\/wp-content\/uploads\/2022\/06\/pexels-cottonbro-6321231-1536x1024.jpg 1536w, https:\/\/viasso-occitanie.org\/wp-content\/uploads\/2022\/06\/pexels-cottonbro-6321231-2048x1365.jpg 2048w, https:\/\/viasso-occitanie.org\/wp-content\/uploads\/2022\/06\/pexels-cottonbro-6321231-750x500.jpg 750w\" sizes=\"(max-width: 280px) 100vw, 280px\" \/><\/figure><\/div><\/div>\n\n\n\n<div class=\"wp-container-5 wp-block-column\">\n<p><strong>Des webinaires internes<\/strong> au r\u00e9seau sont organis\u00e9s chaque mois, par exemple\u00a0:<\/p>\n\n\n\n<ul><li>Quels outils d\u2019animation pour dynamiser une formation en ligne ?<\/li><li>Comment assurer la veille documentaire ? Strat\u00e9gie, outils, mutualisation, \u2026<\/li><li>Comment \u00e9tendre son territoire d\u2019intervention ? Comment atteindre les associations rurales ?<\/li><li>Etc.<\/li><\/ul>\n<\/div>\n<\/div>\n\n\n\n<div class=\"wp-container-9 wp-block-columns\">\n<div class=\"wp-container-7 wp-block-column\">\n<p><\/p>\n\n\n\n<p>Et<strong> un s\u00e9minaire<\/strong> d\u2019une dur\u00e9e de deux jours est organis\u00e9 au printemps.<\/p>\n\n\n\n<p>Il a pour but de faire rencontrer les acteurs et favoriser le partage d\u2019exp\u00e9riences sur une th\u00e9matique donn\u00e9e.<\/p>\n<\/div>\n\n\n\n<div class=\"wp-container-8 wp-block-column\">\n<figure class=\"wp-block-image size-large\"><img loading=\"lazy\" width=\"1024\" height=\"567\" src=\"https:\/\/viasso-occitanie.org\/wp-content\/uploads\/2022\/06\/IMG_2992-ech-1-1024x567.jpg\" alt=\"\" class=\"wp-image-145\" srcset=\"https:\/\/viasso-occitanie.org\/wp-content\/uploads\/2022\/06\/IMG_2992-ech-1-1024x567.jpg 1024w, https:\/\/viasso-occitanie.org\/wp-content\/uploads\/2022\/06\/IMG_2992-ech-1-300x166.jpg 300w, https:\/\/viasso-occitanie.org\/wp-content\/uploads\/2022\/06\/IMG_2992-ech-1-768x425.jpg 768w, https:\/\/viasso-occitanie.org\/wp-content\/uploads\/2022\/06\/IMG_2992-ech-1-1536x850.jpg 1536w, https:\/\/viasso-occitanie.org\/wp-content\/uploads\/2022\/06\/IMG_2992-ech-1-750x415.jpg 750w, https:\/\/viasso-occitanie.org\/wp-content\/uploads\/2022\/06\/IMG_2992-ech-1.jpg 1850w\" sizes=\"(max-width: 1024px) 100vw, 1024px\" \/><figcaption>Universit\u00e9 de printemps ViAsso &#8211;  mai 2022<\/figcaption><\/figure>\n<\/div>\n<\/div>\n","protected":false},"excerpt":{"rendered":"<p>Un r\u00e9seau dynamique, fond\u00e9 sur des \u00e9changes de pratiques. Compos\u00e9 de plus d\u2019une trentaine d\u2019accompagnateurs \u00e0 la vie associative, ViAsso veille \u00e0 d\u00e9velopper la qualit\u00e9 des accompagnements et des formations, \u00e0 mutualiser des outils, et \u00e0 \u00e9changer r\u00e9guli\u00e8rement sur les pratiques en \u0153uvres dans les PAVA. Depuis 2021, &nbsp;ViAsso s\u2019est dot\u00e9 d\u2019un salari\u00e9 responsable du &hellip; <\/p>\n<p><a class=\"more-link btn\" href=\"https:\/\/viasso-occitanie.org\/index.php\/animation-de-reseau\/\">Lire la suite<\/a><\/p>\n","protected":false},"author":1,"featured_media":0,"parent":0,"menu_order":0,"comment_status":"closed","ping_status":"closed","template":"","meta":{"_mi_skip_tracking":false},"yoast_head":"<!-- This site is optimized with the Yoast SEO plugin v15.1.1 - https:\/\/yoast.com\/wordpress\/plugins\/seo\/ -->\n<title>Animation de r\u00e9seau - Viasso-Occitanie<\/title>\n<meta name=\"robots\" content=\"index, follow, max-snippet:-1, max-image-preview:large, max-video-preview:-1\" \/>\n<link rel=\"canonical\" href=\"https:\/\/viasso-occitanie.org\/index.php\/animation-de-reseau\/\" \/>\n<meta property=\"og:locale\" content=\"fr_FR\" \/>\n<meta property=\"og:type\" content=\"article\" \/>\n<meta property=\"og:title\" content=\"Animation de r\u00e9seau - Viasso-Occitanie\" \/>\n<meta property=\"og:description\" content=\"Un r\u00e9seau dynamique, fond\u00e9 sur des \u00e9changes de pratiques. Compos\u00e9 de plus d\u2019une trentaine d\u2019accompagnateurs \u00e0 la vie associative, ViAsso veille \u00e0 d\u00e9velopper la qualit\u00e9 des accompagnements et des formations, \u00e0 mutualiser des outils, et \u00e0 \u00e9changer r\u00e9guli\u00e8rement sur les pratiques en \u0153uvres dans les PAVA. Depuis 2021, &nbsp;ViAsso s\u2019est dot\u00e9 d\u2019un salari\u00e9 responsable du &hellip; Lire la suite\" \/>\n<meta property=\"og:url\" content=\"https:\/\/viasso-occitanie.org\/index.php\/animation-de-reseau\/\" \/>\n<meta property=\"og:site_name\" content=\"Viasso-Occitanie\" \/>\n<meta property=\"article:modified_time\" content=\"2022-06-27T16:07:16+00:00\" \/>\n<meta property=\"og:image\" content=\"https:\/\/viasso-occitanie.org\/wp-content\/uploads\/2022\/06\/IMG_3066-1024x768.jpg\" \/>\n<meta name=\"twitter:card\" content=\"summary_large_image\" \/>\n<script type=\"application\/ld+json\" class=\"yoast-schema-graph\">{\"@context\":\"https:\/\/schema.org\",\"@graph\":[{\"@type\":\"WebSite\",\"@id\":\"https:\/\/viasso-occitanie.org\/#website\",\"url\":\"https:\/\/viasso-occitanie.org\/\",\"name\":\"Viasso-Occitanie\",\"description\":\"Un R\\u00e9seau r\\u00e9gional de professionnels pour d\\u00e9velopper vos projets associatifs\",\"potentialAction\":[{\"@type\":\"SearchAction\",\"target\":\"https:\/\/viasso-occitanie.org\/?s={search_term_string}\",\"query-input\":\"required name=search_term_string\"}],\"inLanguage\":\"fr-FR\"},{\"@type\":\"ImageObject\",\"@id\":\"https:\/\/viasso-occitanie.org\/index.php\/animation-de-reseau\/#primaryimage\",\"inLanguage\":\"fr-FR\",\"url\":\"https:\/\/viasso-occitanie.org\/wp-content\/uploads\/2022\/06\/IMG_3066-1024x768.jpg\"},{\"@type\":\"WebPage\",\"@id\":\"https:\/\/viasso-occitanie.org\/index.php\/animation-de-reseau\/#webpage\",\"url\":\"https:\/\/viasso-occitanie.org\/index.php\/animation-de-reseau\/\",\"name\":\"Animation de r\\u00e9seau - Viasso-Occitanie\",\"isPartOf\":{\"@id\":\"https:\/\/viasso-occitanie.org\/#website\"},\"primaryImageOfPage\":{\"@id\":\"https:\/\/viasso-occitanie.org\/index.php\/animation-de-reseau\/#primaryimage\"},\"datePublished\":\"2022-06-27T16:07:15+00:00\",\"dateModified\":\"2022-06-27T16:07:16+00:00\",\"inLanguage\":\"fr-FR\",\"potentialAction\":[{\"@type\":\"ReadAction\",\"target\":[\"https:\/\/viasso-occitanie.org\/index.php\/animation-de-reseau\/\"]}]}]}<\/script>\n<!-- \/ Yoast SEO plugin. -->","_links":{"self":[{"href":"https:\/\/viasso-occitanie.org\/index.php\/wp-json\/wp\/v2\/pages\/141"}],"collection":[{"href":"https:\/\/viasso-occitanie.org\/index.php\/wp-json\/wp\/v2\/pages"}],"about":[{"href":"https:\/\/viasso-occitanie.org\/index.php\/wp-json\/wp\/v2\/types\/page"}],"author":[{"embeddable":true,"href":"https:\/\/viasso-occitanie.org\/index.php\/wp-json\/wp\/v2\/users\/1"}],"replies":[{"embeddable":true,"href":"https:\/\/viasso-occitanie.org\/index.php\/wp-json\/wp\/v2\/comments?post=141"}],"version-history":[{"count":1,"href":"https:\/\/viasso-occitanie.org\/index.php\/wp-json\/wp\/v2\/pages\/141\/revisions"}],"predecessor-version":[{"id":147,"href":"https:\/\/viasso-occitanie.org\/index.php\/wp-json\/wp\/v2\/pages\/141\/revisions\/147"}],"wp:attachment":[{"href":"https:\/\/viasso-occitanie.org\/index.php\/wp-json\/wp\/v2\/media?parent=141"}],"curies":[{"name":"wp","href":"https:\/\/api.w.org\/{rel}","templated":true}]}}