{"id":154,"date":"2022-06-28T10:23:31","date_gmt":"2022-06-28T08:23:31","guid":{"rendered":"https:\/\/viasso-occitanie.org\/?page_id=154"},"modified":"2022-06-28T10:23:32","modified_gmt":"2022-06-28T08:23:32","slug":"nos-dispositifs-regionaux","status":"publish","type":"page","link":"https:\/\/viasso-occitanie.org\/index.php\/nos-dispositifs-regionaux\/","title":{"rendered":"Nos dispositifs r\u00e9gionaux"},"content":{"rendered":"\n<p>ViAsso Occitanie met en \u0153uvre des dispositifs de formation et d&#8217;accompagnement au niveau r\u00e9gional.<\/p>\n\n\n\n<p>Les dispositifs actuels sont ceux-ci :<\/p>\n\n\n\n<ul><li>le Certificat de Formation \u00e0 la Gestion Associative<\/li><li>la formation aux  Valeurs de la R\u00e9publique et La\u00efcit\u00e9<\/li><li>Activ&#8217;Asso : programme d\u2019accompagnement des associations porteuses d\u2019emploi\u00a0<\/li><\/ul>\n","protected":false},"excerpt":{"rendered":"<p>ViAsso Occitanie met en \u0153uvre des dispositifs de formation et d&#8217;accompagnement au niveau r\u00e9gional. Les dispositifs actuels sont ceux-ci : le Certificat de Formation \u00e0 la Gestion Associative la formation aux Valeurs de la R\u00e9publique et La\u00efcit\u00e9 Activ&#8217;Asso : programme d\u2019accompagnement des associations porteuses d\u2019emploi\u00a0<\/p>\n","protected":false},"author":1,"featured_media":0,"parent":0,"menu_order":0,"comment_status":"closed","ping_status":"closed","template":"","meta":{"_mi_skip_tracking":false},"yoast_head":"<!-- This site is optimized with the Yoast SEO plugin v15.1.1 - https:\/\/yoast.com\/wordpress\/plugins\/seo\/ -->\n<title>Nos dispositifs r\u00e9gionaux - Viasso-Occitanie<\/title>\n<meta name=\"robots\" content=\"index, follow, max-snippet:-1, max-image-preview:large, max-video-preview:-1\" \/>\n<link rel=\"canonical\" href=\"https:\/\/viasso-occitanie.org\/index.php\/nos-dispositifs-regionaux\/\" \/>\n<meta property=\"og:locale\" content=\"fr_FR\" \/>\n<meta property=\"og:type\" content=\"article\" \/>\n<meta property=\"og:title\" content=\"Nos dispositifs r\u00e9gionaux - Viasso-Occitanie\" \/>\n<meta property=\"og:description\" content=\"ViAsso Occitanie met en \u0153uvre des dispositifs de formation et d&#8217;accompagnement au niveau r\u00e9gional. Les dispositifs actuels sont ceux-ci : le Certificat de Formation \u00e0 la Gestion Associative la formation aux Valeurs de la R\u00e9publique et La\u00efcit\u00e9 Activ&#8217;Asso : programme d\u2019accompagnement des associations porteuses d\u2019emploi\u00a0\" \/>\n<meta property=\"og:url\" content=\"https:\/\/viasso-occitanie.org\/index.php\/nos-dispositifs-regionaux\/\" \/>\n<meta property=\"og:site_name\" content=\"Viasso-Occitanie\" \/>\n<meta property=\"article:modified_time\" content=\"2022-06-28T08:23:32+00:00\" \/>\n<meta name=\"twitter:card\" content=\"summary_large_image\" \/>\n<script type=\"application\/ld+json\" class=\"yoast-schema-graph\">{\"@context\":\"https:\/\/schema.org\",\"@graph\":[{\"@type\":\"WebSite\",\"@id\":\"https:\/\/viasso-occitanie.org\/#website\",\"url\":\"https:\/\/viasso-occitanie.org\/\",\"name\":\"Viasso-Occitanie\",\"description\":\"Un R\\u00e9seau r\\u00e9gional de professionnels pour d\\u00e9velopper vos projets associatifs\",\"potentialAction\":[{\"@type\":\"SearchAction\",\"target\":\"https:\/\/viasso-occitanie.org\/?s={search_term_string}\",\"query-input\":\"required name=search_term_string\"}],\"inLanguage\":\"fr-FR\"},{\"@type\":\"WebPage\",\"@id\":\"https:\/\/viasso-occitanie.org\/index.php\/nos-dispositifs-regionaux\/#webpage\",\"url\":\"https:\/\/viasso-occitanie.org\/index.php\/nos-dispositifs-regionaux\/\",\"name\":\"Nos dispositifs r\\u00e9gionaux - Viasso-Occitanie\",\"isPartOf\":{\"@id\":\"https:\/\/viasso-occitanie.org\/#website\"},\"datePublished\":\"2022-06-28T08:23:31+00:00\",\"dateModified\":\"2022-06-28T08:23:32+00:00\",\"inLanguage\":\"fr-FR\",\"potentialAction\":[{\"@type\":\"ReadAction\",\"target\":[\"https:\/\/viasso-occitanie.org\/index.php\/nos-dispositifs-regionaux\/\"]}]}]}<\/script>\n<!-- \/ Yoast SEO plugin. -->","_links":{"self":[{"href":"https:\/\/viasso-occitanie.org\/index.php\/wp-json\/wp\/v2\/pages\/154"}],"collection":[{"href":"https:\/\/viasso-occitanie.org\/index.php\/wp-json\/wp\/v2\/pages"}],"about":[{"href":"https:\/\/viasso-occitanie.org\/index.php\/wp-json\/wp\/v2\/types\/page"}],"author":[{"embeddable":true,"href":"https:\/\/viasso-occitanie.org\/index.php\/wp-json\/wp\/v2\/users\/1"}],"replies":[{"embeddable":true,"href":"https:\/\/viasso-occitanie.org\/index.php\/wp-json\/wp\/v2\/comments?post=154"}],"version-history":[{"count":1,"href":"https:\/\/viasso-occitanie.org\/index.php\/wp-json\/wp\/v2\/pages\/154\/revisions"}],"predecessor-version":[{"id":155,"href":"https:\/\/viasso-occitanie.org\/index.php\/wp-json\/wp\/v2\/pages\/154\/revisions\/155"}],"wp:attachment":[{"href":"https:\/\/viasso-occitanie.org\/index.php\/wp-json\/wp\/v2\/media?parent=154"}],"curies":[{"name":"wp","href":"https:\/\/api.w.org\/{rel}","templated":true}]}}