{"id":206,"date":"2024-02-05T11:33:14","date_gmt":"2024-02-05T10:33:14","guid":{"rendered":"https:\/\/viasso-occitanie.org\/?page_id=206"},"modified":"2025-03-11T16:31:48","modified_gmt":"2025-03-11T15:31:48","slug":"nos-formations","status":"publish","type":"page","link":"https:\/\/viasso-occitanie.org\/index.php\/nos-formations\/","title":{"rendered":"Nos formations"},"content":{"rendered":"\n<p>Toutes les formations sont destin\u00e9es aux professionnels du conseil et de l\u2019accompagnement des acteurs associatifs, mais aussi \u00e0 tous ceux qui sont amen\u00e9s par leur poste \u00e0 rencontrer, conseiller, orienter des porteurs de projets ou toute autre personne cherchant \u00e0 cr\u00e9er ou d\u00e9velopper une association.<\/p>\n\n\n\n<p>Certaines formations sont r\u00e9serv\u00e9es aux professionnels des PAVA du r\u00e9seau ViAsso. Il s\u2019agit pour la plupart de formations pointues qui partagent des outils propres aux conseillers du r\u00e9seau.<\/p>\n\n\n\n<p><strong>Consultez d\u00e8s aujourd\u2019hui notre calendrier pour les sessions 2025&nbsp;!<\/strong><\/p>\n\n\n\n<div class=\"wp-block-file\"><object class=\"wp-block-file__embed\" data=\"https:\/\/viasso-occitanie.org\/wp-content\/uploads\/2025\/03\/V3_catalogue-de-formations-ViAsso-2025.pdf\" type=\"application\/pdf\" style=\"width:100%;height:600px\" aria-label=\"Contenu embarqu\u00e9 V3_catalogue-de-formations-ViAsso-2025.\"><\/object><a id=\"wp-block-file--media-6fd98aef-566e-4b00-b937-370f861fb8fd\" href=\"https:\/\/viasso-occitanie.org\/wp-content\/uploads\/2025\/03\/V3_catalogue-de-formations-ViAsso-2025.pdf\">V3_catalogue-de-formations-ViAsso-2025<\/a><a href=\"https:\/\/viasso-occitanie.org\/wp-content\/uploads\/2025\/03\/V3_catalogue-de-formations-ViAsso-2025.pdf\" class=\"wp-block-file__button\" download aria-describedby=\"wp-block-file--media-6fd98aef-566e-4b00-b937-370f861fb8fd\">T\u00e9l\u00e9charger<\/a><\/div>\n\n\n\n<p><\/p>\n","protected":false},"excerpt":{"rendered":"<p>Toutes les formations sont destin\u00e9es aux professionnels du conseil et de l\u2019accompagnement des acteurs associatifs, mais aussi \u00e0 tous ceux qui sont amen\u00e9s par leur poste \u00e0 rencontrer, conseiller, orienter des porteurs de projets ou toute autre personne cherchant \u00e0 cr\u00e9er ou d\u00e9velopper une association. Certaines formations sont r\u00e9serv\u00e9es aux professionnels des PAVA du r\u00e9seau &hellip; <\/p>\n<p><a class=\"more-link btn\" href=\"https:\/\/viasso-occitanie.org\/index.php\/nos-formations\/\">Lire la suite<\/a><\/p>\n","protected":false},"author":1,"featured_media":0,"parent":0,"menu_order":0,"comment_status":"closed","ping_status":"closed","template":"","meta":{"_mi_skip_tracking":false},"yoast_head":"<!-- This site is optimized with the Yoast SEO plugin v15.1.1 - https:\/\/yoast.com\/wordpress\/plugins\/seo\/ -->\n<title>Nos formations - Viasso-Occitanie<\/title>\n<meta name=\"robots\" content=\"index, follow, max-snippet:-1, max-image-preview:large, max-video-preview:-1\" \/>\n<link rel=\"canonical\" href=\"https:\/\/viasso-occitanie.org\/index.php\/nos-formations\/\" \/>\n<meta property=\"og:locale\" content=\"fr_FR\" \/>\n<meta property=\"og:type\" content=\"article\" \/>\n<meta property=\"og:title\" content=\"Nos formations - Viasso-Occitanie\" \/>\n<meta property=\"og:description\" content=\"Toutes les formations sont destin\u00e9es aux professionnels du conseil et de l\u2019accompagnement des acteurs associatifs, mais aussi \u00e0 tous ceux qui sont amen\u00e9s par leur poste \u00e0 rencontrer, conseiller, orienter des porteurs de projets ou toute autre personne cherchant \u00e0 cr\u00e9er ou d\u00e9velopper une association. Certaines formations sont r\u00e9serv\u00e9es aux professionnels des PAVA du r\u00e9seau &hellip; Lire la suite\" \/>\n<meta property=\"og:url\" content=\"https:\/\/viasso-occitanie.org\/index.php\/nos-formations\/\" \/>\n<meta property=\"og:site_name\" content=\"Viasso-Occitanie\" \/>\n<meta property=\"article:modified_time\" content=\"2025-03-11T15:31:48+00:00\" \/>\n<meta name=\"twitter:card\" content=\"summary_large_image\" \/>\n<script type=\"application\/ld+json\" class=\"yoast-schema-graph\">{\"@context\":\"https:\/\/schema.org\",\"@graph\":[{\"@type\":\"WebSite\",\"@id\":\"https:\/\/viasso-occitanie.org\/#website\",\"url\":\"https:\/\/viasso-occitanie.org\/\",\"name\":\"Viasso-Occitanie\",\"description\":\"Un R\\u00e9seau r\\u00e9gional de professionnels pour d\\u00e9velopper vos projets associatifs\",\"potentialAction\":[{\"@type\":\"SearchAction\",\"target\":\"https:\/\/viasso-occitanie.org\/?s={search_term_string}\",\"query-input\":\"required name=search_term_string\"}],\"inLanguage\":\"fr-FR\"},{\"@type\":\"WebPage\",\"@id\":\"https:\/\/viasso-occitanie.org\/index.php\/nos-formations\/#webpage\",\"url\":\"https:\/\/viasso-occitanie.org\/index.php\/nos-formations\/\",\"name\":\"Nos formations - Viasso-Occitanie\",\"isPartOf\":{\"@id\":\"https:\/\/viasso-occitanie.org\/#website\"},\"datePublished\":\"2024-02-05T10:33:14+00:00\",\"dateModified\":\"2025-03-11T15:31:48+00:00\",\"inLanguage\":\"fr-FR\",\"potentialAction\":[{\"@type\":\"ReadAction\",\"target\":[\"https:\/\/viasso-occitanie.org\/index.php\/nos-formations\/\"]}]}]}<\/script>\n<!-- \/ Yoast SEO plugin. -->","_links":{"self":[{"href":"https:\/\/viasso-occitanie.org\/index.php\/wp-json\/wp\/v2\/pages\/206"}],"collection":[{"href":"https:\/\/viasso-occitanie.org\/index.php\/wp-json\/wp\/v2\/pages"}],"about":[{"href":"https:\/\/viasso-occitanie.org\/index.php\/wp-json\/wp\/v2\/types\/page"}],"author":[{"embeddable":true,"href":"https:\/\/viasso-occitanie.org\/index.php\/wp-json\/wp\/v2\/users\/1"}],"replies":[{"embeddable":true,"href":"https:\/\/viasso-occitanie.org\/index.php\/wp-json\/wp\/v2\/comments?post=206"}],"version-history":[{"count":5,"href":"https:\/\/viasso-occitanie.org\/index.php\/wp-json\/wp\/v2\/pages\/206\/revisions"}],"predecessor-version":[{"id":231,"href":"https:\/\/viasso-occitanie.org\/index.php\/wp-json\/wp\/v2\/pages\/206\/revisions\/231"}],"wp:attachment":[{"href":"https:\/\/viasso-occitanie.org\/index.php\/wp-json\/wp\/v2\/media?parent=206"}],"curies":[{"name":"wp","href":"https:\/\/api.w.org\/{rel}","templated":true}]}}